{"id":481,"date":"2025-05-16T09:52:03","date_gmt":"2025-05-16T07:52:03","guid":{"rendered":"https:\/\/www.grupocacaolat.es\/?page_id=481"},"modified":"2025-05-16T10:45:33","modified_gmt":"2025-05-16T08:45:33","slug":"principis-dactuacio","status":"publish","type":"page","link":"https:\/\/www.grupocacaolat.es\/ca\/principis-dactuacio\/","title":{"rendered":"Principis d&#8217;actuaci\u00f3"},"content":{"rendered":"\n<h2 class=\"has-text-align-center wp-block-heading\" id=\"principis-dactuaci\u00f3-dels-prove\u00efdors\" style=\"text-transform:uppercase\">Principis d&#8217;actuaci\u00f3 dels prove\u00efdors<\/h2>\n\n\n\n<div class=\"gutentoc tocactive nostyle pt-20 pb-15 pr-20\" style=\"max-width:100%;--toc-lh:1.5\"><div class=\"gutentoc-toc-wrap\"><div class=\"gutentoc-toc-title-wrap\"><div class=\"gutentoc-toc-title\">\u00cdNDEX<\/div><div id=\"open\" class=\"toggletwo\">show<\/div><\/div><div id=\"toclist\"><div class=\"gutentoc-toc__list-wrap\"><ul class=\"gutentoc-toc__list\"><li><a href=\"#-1-introducci\u00f3-\"><strong>1. INTRODUCCI\u00d3<\/strong><\/a><\/li><li><a href=\"#-2-principis-d\u2019actuaci\u00f3-\"><strong>2. PRINCIPIS D\u2019ACTUACI\u00d3<\/strong><\/a><\/li><ul class=\"gutentoc-toc__list\"><li><a href=\"#-21-compliment-de-la-legalitat-vigent-\"><strong>2.1 Compliment de la legalitat vigent<\/strong><\/a><\/li><li><a href=\"#-22-integritat-i-honestedat-\"><strong>2.2 Integritat i honestedat<\/strong><\/a><\/li><li><a href=\"#-23-respecte-a-les-persones-\"><strong>2.3 Respecte a les persones<\/strong><\/a><\/li><li><a href=\"#-24-transpar\u00e8ncia-i-imparcialitat-\"><strong>2.4 Transpar\u00e8ncia i imparcialitat<\/strong><\/a><\/li><li><a href=\"#-25-prevenci\u00f3-de-conflictes-d\u2019inter\u00e8s-\"><strong>2.5 Prevenci\u00f3 de conflictes d\u2019inter\u00e8s<\/strong><\/a><\/li><li><a href=\"#-26-mercat-i-competidors-\"><strong>2.6 Mercat i competidors<\/strong><\/a><\/li><li><a href=\"#-27-administraci\u00f3-p\u00fablica-\"><strong>2.7 Administraci\u00f3 P\u00fablica<\/strong><\/a><\/li><li><a href=\"#-28-prevenci\u00f3-del-blanqueig-de-capitals-i-el-control-de-pagaments-\"><strong>2.8 Prevenci\u00f3 del blanqueig de capitals i el control de pagaments<\/strong><\/a><\/li><li><a href=\"#-29-confidencialitat-i-protecci\u00f3-de-dades-de-car\u00e0cter-personal-\"><strong>2.9 Confidencialitat i protecci\u00f3 de dades de car\u00e0cter personal<\/strong><\/a><\/li><li><a href=\"#-210-seguretat-al-lloc-de-treball-\"><strong>2.10 Seguretat al lloc de treball<\/strong><\/a><\/li><li><a href=\"#-211-protecci\u00f3-del-medi-ambient-\"><strong>2.11 Protecci\u00f3 del medi ambient<\/strong><\/a><\/li><li><a href=\"#-212-propietat-intel\u00b7lectual-i-industrial-\"><strong>2.12 Propietat intel\u00b7lectual i industrial<\/strong><\/a><\/li><li><a href=\"#-213-comunicaci\u00f3-d\u2019incid\u00e8ncies-\"><strong>2.13 Comunicaci\u00f3 d\u2019incid\u00e8ncies<\/strong><\/a><\/li><\/ul><li><a href=\"#-3-abast-\"><strong>3. ABAST<\/strong><\/a><\/li><\/ul><\/div><\/div><\/div><\/div>\n\n\n\n<h3 class=\"wp-block-heading\" id=\"-1-introducci\u00f3-\"><strong>1. INTRODUCCI\u00d3<\/strong><\/h3>\n\n\n\n<p>Grupo CACAOLAT, S.L. (en endavant, \u00ab<strong>la Companyia<\/strong>\u00bb), compromesa amb el compliment de la legalitat en tots els seus \u00e0mbits d\u2019actuaci\u00f3, compta amb un Codi de Conducta on s\u2019estableixen un conjunt de principis i pautes de conducta dirigits a garantir el comportament \u00edntegre, professional i amb vocaci\u00f3 de servei de tots els seus col\u00b7laboradors en el desenvolupament de la seva activitat i en les seves relacions i interaccions amb la resta de col\u00b7laboradors, els clients, els prove\u00efdors, els competidors al mercat, les Administracions P\u00fabliques i l\u2019entorn en general.<\/p>\n\n\n\n<p>En aquest sentit, <strong>la Companyia <\/strong>\u00e9s conscient de la import\u00e0ncia que els seus prove\u00efdors (en endavant, \u00abProve\u00efdor\u00bb o \u00abProve\u00efdors\u00bb) estiguin compromesos amb els principis d\u2019integritat, professionalitat i vocaci\u00f3 de servei, segons es recull a aquest document.<\/p>\n\n\n\n<h3 class=\"wp-block-heading\" id=\"-2-principis-d\u2019actuaci\u00f3-\"><strong>2. PRINCIPIS D\u2019ACTUACI\u00d3<\/strong><\/h3>\n\n\n\n<h4 class=\"wp-block-heading\" id=\"-21-compliment-de-la-legalitat-vigent-\"><strong>2.1 Compliment de la legalitat vigent<\/strong><\/h4>\n\n\n\n<p><strong>La Companyia <\/strong>desenvolupa la seva activitat amb estricte compliment de la legalitat vigent i observant les normes i principis establerts al seu Codi de Conducta. De la mateixa manera, tots els Prove\u00efdors s\u2019han de comprometre a complir amb la legalitat vigent i observar les normes i principis que cont\u00e9 aquest document.<\/p>\n\n\n\n<h4 class=\"wp-block-heading\" id=\"-22-integritat-i-honestedat-\"><strong>2.2 Integritat i honestedat<\/strong><\/h4>\n\n\n\n<p><strong>La Companyia <\/strong>no accepta cap forma de corrupci\u00f3, extorsi\u00f3 o apropiaci\u00f3 indeguda.<\/p>\n\n\n\n<p>Els Prove\u00efdors de <strong>la Companyia, <\/strong>quan s\u2019hi relacionin, no poden, directament o a trav\u00e9s de persona interposada, prometre, oferir o concedir ni sol\u00b7licitar o acceptar avantatges, comissions, suborns o regals de qualsevol naturalesa no justificada que tinguin com a objectiu un benefici per a la Companyia o per a si mateixos.<\/p>\n\n\n\n<p>Els actes de suborn, expressament prohibits, inclouen l\u2019oferiment o promesa, de forma directa o indirecta, de qualsevol tipus d\u2019avantatge impropi, qualsevol instrument per al seu encobriment, aix\u00ed com el tr\u00e0fic d&#8217;influ\u00e8ncies.<\/p>\n\n\n\n<p>Els Prove\u00efdors no poden donar ni acceptar hospitalitats que influeixin, puguin influir o es puguin interpretar com a influ\u00e8ncia en la presa de decisions dels col\u00b7laboradors de <strong>la Companyia<\/strong>.<\/p>\n\n\n\n<h4 class=\"wp-block-heading\" id=\"-23-respecte-a-les-persones-\"><strong>2.3 Respecte a les persones<\/strong><\/h4>\n\n\n\n<p><strong>La Companyia <\/strong>respecta els principis de la Declaraci\u00f3 Universal de Drets Humans de les Nacions Unides i les declaracions de l\u2019Organitzaci\u00f3 Internacional del Treball, i est\u00e0 compromesa amb la no discriminaci\u00f3 per ra\u00f3 de ra\u00e7a, color, nacionalitat, origen social, edat, sexe, estat civil, discapacitat, orientaci\u00f3 sexual, ideologia, opinions pol\u00edtiques, religi\u00f3 o qualsevol altra condici\u00f3 personal, f\u00edsica o social dels seus col\u00b7laboradors, aix\u00ed com amb la igualtat d\u2019oportunitats entre ells.<\/p>\n\n\n\n<p>En particular, els Prove\u00efdors han de recon\u00e8ixer els drets dels seus col\u00b7laboradors i tractar-los amb dignitat i respecte. Aix\u00ed mateix, s\u2019han de comprometre a:<\/p>\n\n\n\n<ul class=\"wp-block-list\"><li>No usar ni tolerar l\u2019\u00fas de nens, treballs for\u00e7ats, obligats o no<\/li><\/ul>\n\n\n\n<p>declarats;<\/p>\n\n\n\n<ul class=\"wp-block-list\"><li>No implementar ni tolerar cap forma de discriminaci\u00f3 basada en la nacionalitat, el g\u00e8nere, els or\u00edgens \u00e8tnics i racials, les creences religioses, les opinions pol\u00edtiques, l\u2019edat, la sexualitat, la discapacitat o la salut en les pol\u00edtiques de selecci\u00f3;<\/li><\/ul>\n\n\n\n<ul class=\"wp-block-list\"><li>Evitar qualsevol tipus de discriminaci\u00f3 (prejudici, assetjament,<\/li><\/ul>\n\n\n\n<p><em>mobbing<\/em>) i facilitar un tracte respectu\u00f3s;<\/p>\n\n\n\n<ul class=\"wp-block-list\"><li>Rebutjar qualsevol manifestaci\u00f3 de viol\u00e8ncia, assetjament f\u00edsic, sexual, psicol\u00f2gic, moral o altres, d\u2019ab\u00fas d\u2019autoritat al lloc de treball i tamb\u00e9 qualsevol altra conducta intimidat\u00f2ria o ofensiva per als drets de les persones;<\/li><\/ul>\n\n\n\n<ul class=\"wp-block-list\"><li>Concedir als treballadors el dret a constituir i unir-se a les patronals i als sindicats que desitgin; i<\/li><\/ul>\n\n\n\n<ul class=\"wp-block-list\"><li>Garantir un ambient de treball segur i saludable i adoptar les mesures adequades per prevenir qualsevol accident o dany contra la salut dels treballadors.<\/li><\/ul>\n\n\n\n<p>En aquest sentit, s\u2019espera que els Prove\u00efdors, tant entre els seus col\u00b7laboradors com en les seves relacions amb <strong>la Companyia, <\/strong>respectin aquests principis i prenguin les mesures necess\u00e0ries per garantir-los i fomentar-los.<\/p>\n\n\n\n<h4 class=\"wp-block-heading\" id=\"-24-transpar\u00e8ncia-i-imparcialitat-\"><strong>2.4 Transpar\u00e8ncia i imparcialitat<\/strong><\/h4>\n\n\n\n<p>Els Prove\u00efdors se seleccionen a trav\u00e9s de criteris d\u2019objectivitat i imparcialitat i cal evitar qualsevol conflicte d\u2019inter\u00e8s, influ\u00e8ncia o favoritisme a l\u2019hora de seleccionar-los.<\/p>\n\n\n\n<h4 class=\"wp-block-heading\" id=\"-25-prevenci\u00f3-de-conflictes-d\u2019inter\u00e8s-\"><strong>2.5 Prevenci\u00f3 de conflictes d\u2019inter\u00e8s<\/strong><\/h4>\n\n\n\n<p>Les relacions entre <strong>la Companyia <\/strong>i els seus Prove\u00efdors es regeixen per criteris objectius i cal evitar qualsevol conflicte d\u2019inter\u00e8s, influ\u00e8ncia o favoritisme.<\/p>\n\n\n\n<p>Els Prove\u00efdors han d\u2019evitar situacions que puguin donar lloc a un conflicte entre els seus interessos personals o els dels seus treballadors i els dels col\u00b7laboradors de <strong>la Companyia<\/strong>.<\/p>\n\n\n\n<p>Els Prove\u00efdors no poden oferir cap tipus de do, merc\u00e8, regal, benefici o avantatge, en met\u00e0l\u00b7lic o en esp\u00e8cie, a cap treballador de <strong>la companyia<\/strong>.<\/p>\n\n\n\n<h4 class=\"wp-block-heading\" id=\"-26-mercat-i-competidors-\"><strong>2.6 Mercat i competidors<\/strong><\/h4>\n\n\n\n<p><strong>La Companyia <\/strong>respecta les regles del dret de la compet\u00e8ncia i promou la compet\u00e8ncia lleial al mercat.<\/p>\n\n\n\n<p><strong>La Companyia <\/strong>es compromet a competir als mercats de forma lleial i a no realitzar publicitat enganyosa o denigradora de la seva compet\u00e8ncia o de tercers ni a fer al\u00b7legacions falses o amb caracter\u00edstiques incertes sobre els seus productes o serveis.<\/p>\n\n\n\n<p>Aix\u00ed mateix, els Prove\u00efdors han de respectar les regles del dret de la compet\u00e8ncia i, especialment, abstenir-se de participar en acords o en qualsevol pr\u00e0ctica deslleial que pugui dificultar o impedir el lliure exercici de la compet\u00e8ncia. En concret, tots els Prove\u00efdors han d\u2019evitar participar en acords de fixaci\u00f3 de preus, acords per controlar la producci\u00f3 o quotes de vendes i, en general, en qualsevol pr\u00e0ctica injusta que afecti l\u2019exercici de la lliure compet\u00e8ncia.<\/p>\n\n\n\n<h4 class=\"wp-block-heading\" id=\"-27-administraci\u00f3-p\u00fablica-\"><strong>2.7 Administraci\u00f3 P\u00fablica<\/strong><\/h4>\n\n\n\n<p>Les relacions de <strong>la Companyia <\/strong>amb les administracions p\u00fabliques i autoritats s\u2019han de plantejar sota el principi de m\u00e0xima transpar\u00e8ncia i es prohibeix la realitzaci\u00f3 de pr\u00e0ctiques que puguin considerar-se irregulars.<\/p>\n\n\n\n<p>Els Prove\u00efdors han d\u2019assumir aquest mateix comprom\u00eds com a propi en l\u2019exercici de la seva activitat.<\/p>\n\n\n\n<h4 class=\"wp-block-heading\" id=\"-28-prevenci\u00f3-del-blanqueig-de-capitals-i-el-control-de-pagaments-\"><strong>2.8 Prevenci\u00f3 del blanqueig de capitals i el control de pagaments<\/strong><\/h4>\n\n\n\n<p><strong>La Companyia <\/strong>est\u00e0 compromesa amb la prevenci\u00f3 del blanqueig de capitals i d\u2019irregularitats en els pagaments realitzats per i a tercers. Amb aquest objectiu, cal evitar, en concret, les actuacions que puguin considerar-se irregulars en les seves relacions amb clients, prove\u00efdors, competidors i autoritats.<\/p>\n\n\n\n<p>En aquesta mateixa l\u00ednia, <strong>la Companyia <\/strong>espera que els seus Prove\u00efdors prenguin les mesures necess\u00e0ries per a la prevenci\u00f3 del blanqueig de capitals i d\u2019irregularitats en els pagaments.<\/p>\n\n\n\n<h4 class=\"wp-block-heading\" id=\"-29-confidencialitat-i-protecci\u00f3-de-dades-de-car\u00e0cter-personal-\"><strong>2.9 Confidencialitat i protecci\u00f3 de dades de car\u00e0cter personal<\/strong><\/h4>\n\n\n\n<p><strong>La Companyia <\/strong>mant\u00e9 la confidencialitat de la informaci\u00f3 concernent a la seva relaci\u00f3 comercial amb els Prove\u00efdors. En aquest sentit, qualsevol informaci\u00f3 divulgada per la Companyia als Prove\u00efdors s\u2019ha de considerar confidencial i, per tant, en queda totalment prohibida la divulgaci\u00f3 a tercers.<\/p>\n\n\n\n<p><strong>La Companyia <\/strong>es compromet a no divulgar dades de car\u00e0cter personal dels Prove\u00efdors, tret que compti amb el consentiment dels interessats i en els casos d\u2019obligaci\u00f3 legal o compliment de resolucions judicials o administratives. Aix\u00ed mateix, es compromet a complir amb el que estableix la legislaci\u00f3 vigent sobre protecci\u00f3 de dades de car\u00e0cter personal en mat\u00e8ria de mesures de seguretat.<\/p>\n\n\n\n<p>En aquest mateix sentit, s\u2019espera que els Prove\u00efdors es comprometin a no divulgar dades de car\u00e0cter personal tant dels seus treballadors com dels col\u00b7laboradors amb qu\u00e8 col\u00b7labora i a complir amb les mesures de seguretat exigides per la normativa relativa a la protecci\u00f3 de dades de car\u00e0cter personal aplicable en cada moment.<\/p>\n\n\n\n<h4 class=\"wp-block-heading\" id=\"-210-seguretat-al-lloc-de-treball-\"><strong>2.10 Seguretat al lloc de treball<\/strong><\/h4>\n\n\n\n<p>Els Prove\u00efdors han de complir i con\u00e8ixer les normes relatives a seguretat i salut al lloc de treball i les de <strong>la Companyia <\/strong>quan accedeixin a les seves instal\u00b7lacions amb l\u2019objectiu de prevenir i minimitzar els riscos laborals i vetllar per la seguretat pr\u00f2pia i la de qualsevol persona que s\u2019hi pogu\u00e9s veure afectada en l\u2019acompliment de les seves activitats.<\/p>\n\n\n\n<h4 class=\"wp-block-heading\" id=\"-211-protecci\u00f3-del-medi-ambient-\"><strong>2.11 Protecci\u00f3 del medi ambient<\/strong><\/h4>\n\n\n\n<p><strong>La Companyia <\/strong>desenvolupa la seva activitat des del respecte i la preservaci\u00f3 del medi ambient i compleix els est\u00e0ndards establerts a la normativa mediambiental que sigui d\u2019aplicaci\u00f3 per minimitzar l\u2019impacte de les seves activitats sobre el medi ambient.<\/p>\n\n\n\n<p>Al seu torn, els Prove\u00efdors de <strong>la Companyia <\/strong>han de complir els est\u00e0ndards establerts a la normativa mediambiental que sigui<\/p>\n\n\n\n<p>d\u2019aplicaci\u00f3 per minimitzar l\u2019impacte de les seves activitats sobre el<\/p>\n\n\n\n<p>medi ambient<strong>.<\/strong><strong><\/strong><\/p>\n\n\n\n<h4 class=\"wp-block-heading\" id=\"-212-propietat-intel\u00b7lectual-i-industrial-\"><strong>2.12 Propietat intel\u00b7lectual i industrial<\/strong><\/h4>\n\n\n\n<p><strong>La Companyia <\/strong>est\u00e0 compromesa amb la protecci\u00f3 de la propietat intel\u00b7lectual i industrial pr\u00f2pia i aliena que inclou, entre altres, drets de patents, marques, noms de dominis, drets de reproducci\u00f3, programari i dissenys.<\/p>\n\n\n\n<p>En aquest sentit, s\u2019espera dels Prove\u00efdors aquest mateix comprom\u00eds de respecte per la propietat intel\u00b7lectual i industrial de tercers per evitar infringir els seus drets, aix\u00ed com el compliment de les lleis nacionals i internacionals vigents amb relaci\u00f3 a la propietat intel\u00b7lectual i industrial.<\/p>\n\n\n\n<h4 class=\"wp-block-heading\" id=\"-213-comunicaci\u00f3-d\u2019incid\u00e8ncies-\"><strong>2.13 Comunicaci\u00f3 d\u2019incid\u00e8ncies<\/strong><\/h4>\n\n\n\n<p><strong>La Companyia <\/strong>ha implementat un canal de comunicaci\u00f3 posat a disposici\u00f3 de tots els prove\u00efdors per mitj\u00e0 del qual han d\u2019informar sobre les conductes que puguin implicar la comissi\u00f3 d\u2019alguna irregularitat, d\u2019algun acte contrari a la llei o contrari a aquests principis d\u2019actuaci\u00f3 en les seves relacions amb <strong>la Companyia.<\/strong><strong><\/strong><strong><br><\/strong><\/p>\n\n\n\n<h3 class=\"wp-block-heading\" id=\"-3-abast-\"><strong>3. ABAST<\/strong><\/h3>\n\n\n\n<p>Aquest document \u00e9s d\u2019obligat compliment per a tots els Prove\u00efdors de <strong>la Companyia <\/strong>i s\u2019ent\u00e9n sense perjudici de les obligacions addicionals que es puguin establir a la legislaci\u00f3 aplicable i al corresponent contracte amb cada Prove\u00efdor.<\/p>\n\n\n\n<p>Els Prove\u00efdors es comprometen a informar els seus col\u00b7laboradors, en<\/p>\n\n\n\n<p>general, sobre el contingut d\u2019aquest document. L\u2019incompliment de qualsevol de les obligacions assumides pels Prove\u00efdors en aquest document \u00e9s causa justificada per a l\u2019exclusi\u00f3 del Prove\u00efdor en q\u00fcesti\u00f3 de processos de contractaci\u00f3, aix\u00ed com per resoldre qualsevol relaci\u00f3 contractual en vigor amb <strong>la Companyia.<\/strong><\/p>\n","protected":false},"excerpt":{"rendered":"<p>Principis d&#8217;actuaci\u00f3 dels prove\u00efdors 1. INTRODUCCI\u00d3 Grupo CACAOLAT, S.L. (en endavant, \u00abla Companyia\u00bb), compromesa amb el compliment de la legalitat en tots els seus \u00e0mbits d\u2019actuaci\u00f3, compta amb un Codi de Conducta on s\u2019estableixen un conjunt de principis i pautes de conducta dirigits a garantir el comportament \u00edntegre, professional i amb vocaci\u00f3 de servei de [&hellip;]<\/p>\n","protected":false},"author":1,"featured_media":0,"parent":0,"menu_order":90,"comment_status":"closed","ping_status":"closed","template":"page-canal-del-informante.php","meta":{"_acf_changed":false,"inline_featured_image":false,"footnotes":""},"class_list":["post-481","page","type-page","status-publish","hentry"],"acf":[],"yoast_head":"<!-- This site is optimized with the Yoast SEO plugin v26.9 - https:\/\/yoast.com\/product\/yoast-seo-wordpress\/ -->\n<title>Principis d&#039;actuaci\u00f3 - Grupo Cacaolat<\/title>\n<meta name=\"robots\" content=\"index, follow, max-snippet:-1, max-image-preview:large, max-video-preview:-1\" \/>\n<link rel=\"canonical\" href=\"https:\/\/www.grupocacaolat.es\/ca\/principis-dactuacio\/\" \/>\n<meta property=\"og:locale\" content=\"ca_ES\" \/>\n<meta property=\"og:type\" content=\"article\" \/>\n<meta property=\"og:title\" content=\"Principis d&#039;actuaci\u00f3 - Grupo Cacaolat\" \/>\n<meta property=\"og:description\" content=\"Principis d&#8217;actuaci\u00f3 dels prove\u00efdors 1. INTRODUCCI\u00d3 Grupo CACAOLAT, S.L. (en endavant, \u00abla Companyia\u00bb), compromesa amb el compliment de la legalitat en tots els seus \u00e0mbits d\u2019actuaci\u00f3, compta amb un Codi de Conducta on s\u2019estableixen un conjunt de principis i pautes de conducta dirigits a garantir el comportament \u00edntegre, professional i amb vocaci\u00f3 de servei de [&hellip;]\" \/>\n<meta property=\"og:url\" content=\"https:\/\/www.grupocacaolat.es\/ca\/principis-dactuacio\/\" \/>\n<meta property=\"og:site_name\" content=\"Grupo Cacaolat\" \/>\n<meta property=\"article:modified_time\" content=\"2025-05-16T08:45:33+00:00\" \/>\n<meta name=\"twitter:card\" content=\"summary_large_image\" \/>\n<meta name=\"twitter:label1\" content=\"Temps estimat de lectura\" \/>\n\t<meta name=\"twitter:data1\" content=\"8 minuts\" \/>\n<script type=\"application\/ld+json\" class=\"yoast-schema-graph\">{\"@context\":\"https:\/\/schema.org\",\"@graph\":[{\"@type\":\"WebPage\",\"@id\":\"https:\/\/www.grupocacaolat.es\/ca\/principis-dactuacio\/\",\"url\":\"https:\/\/www.grupocacaolat.es\/ca\/principis-dactuacio\/\",\"name\":\"Principis d'actuaci\u00f3 - Grupo Cacaolat\",\"isPartOf\":{\"@id\":\"https:\/\/www.grupocacaolat.es\/ca\/#website\"},\"datePublished\":\"2025-05-16T07:52:03+00:00\",\"dateModified\":\"2025-05-16T08:45:33+00:00\",\"breadcrumb\":{\"@id\":\"https:\/\/www.grupocacaolat.es\/ca\/principis-dactuacio\/#breadcrumb\"},\"inLanguage\":\"ca\",\"potentialAction\":[{\"@type\":\"ReadAction\",\"target\":[\"https:\/\/www.grupocacaolat.es\/ca\/principis-dactuacio\/\"]}]},{\"@type\":\"BreadcrumbList\",\"@id\":\"https:\/\/www.grupocacaolat.es\/ca\/principis-dactuacio\/#breadcrumb\",\"itemListElement\":[{\"@type\":\"ListItem\",\"position\":1,\"name\":\"Portada\",\"item\":\"https:\/\/www.grupocacaolat.es\/ca\/\"},{\"@type\":\"ListItem\",\"position\":2,\"name\":\"Principis d&#8217;actuaci\u00f3\"}]},{\"@type\":\"WebSite\",\"@id\":\"https:\/\/www.grupocacaolat.es\/ca\/#website\",\"url\":\"https:\/\/www.grupocacaolat.es\/ca\/\",\"name\":\"Grupo Cacaolat\",\"description\":\"Cacaolat - Letona - La Levantina\",\"potentialAction\":[{\"@type\":\"SearchAction\",\"target\":{\"@type\":\"EntryPoint\",\"urlTemplate\":\"https:\/\/www.grupocacaolat.es\/ca\/?s={search_term_string}\"},\"query-input\":{\"@type\":\"PropertyValueSpecification\",\"valueRequired\":true,\"valueName\":\"search_term_string\"}}],\"inLanguage\":\"ca\"}]}<\/script>\n<!-- \/ Yoast SEO plugin. -->","yoast_head_json":{"title":"Principis d'actuaci\u00f3 - Grupo Cacaolat","robots":{"index":"index","follow":"follow","max-snippet":"max-snippet:-1","max-image-preview":"max-image-preview:large","max-video-preview":"max-video-preview:-1"},"canonical":"https:\/\/www.grupocacaolat.es\/ca\/principis-dactuacio\/","og_locale":"ca_ES","og_type":"article","og_title":"Principis d'actuaci\u00f3 - Grupo Cacaolat","og_description":"Principis d&#8217;actuaci\u00f3 dels prove\u00efdors 1. INTRODUCCI\u00d3 Grupo CACAOLAT, S.L. (en endavant, \u00abla Companyia\u00bb), compromesa amb el compliment de la legalitat en tots els seus \u00e0mbits d\u2019actuaci\u00f3, compta amb un Codi de Conducta on s\u2019estableixen un conjunt de principis i pautes de conducta dirigits a garantir el comportament \u00edntegre, professional i amb vocaci\u00f3 de servei de [&hellip;]","og_url":"https:\/\/www.grupocacaolat.es\/ca\/principis-dactuacio\/","og_site_name":"Grupo Cacaolat","article_modified_time":"2025-05-16T08:45:33+00:00","twitter_card":"summary_large_image","twitter_misc":{"Temps estimat de lectura":"8 minuts"},"schema":{"@context":"https:\/\/schema.org","@graph":[{"@type":"WebPage","@id":"https:\/\/www.grupocacaolat.es\/ca\/principis-dactuacio\/","url":"https:\/\/www.grupocacaolat.es\/ca\/principis-dactuacio\/","name":"Principis d'actuaci\u00f3 - Grupo Cacaolat","isPartOf":{"@id":"https:\/\/www.grupocacaolat.es\/ca\/#website"},"datePublished":"2025-05-16T07:52:03+00:00","dateModified":"2025-05-16T08:45:33+00:00","breadcrumb":{"@id":"https:\/\/www.grupocacaolat.es\/ca\/principis-dactuacio\/#breadcrumb"},"inLanguage":"ca","potentialAction":[{"@type":"ReadAction","target":["https:\/\/www.grupocacaolat.es\/ca\/principis-dactuacio\/"]}]},{"@type":"BreadcrumbList","@id":"https:\/\/www.grupocacaolat.es\/ca\/principis-dactuacio\/#breadcrumb","itemListElement":[{"@type":"ListItem","position":1,"name":"Portada","item":"https:\/\/www.grupocacaolat.es\/ca\/"},{"@type":"ListItem","position":2,"name":"Principis d&#8217;actuaci\u00f3"}]},{"@type":"WebSite","@id":"https:\/\/www.grupocacaolat.es\/ca\/#website","url":"https:\/\/www.grupocacaolat.es\/ca\/","name":"Grupo Cacaolat","description":"Cacaolat - Letona - La Levantina","potentialAction":[{"@type":"SearchAction","target":{"@type":"EntryPoint","urlTemplate":"https:\/\/www.grupocacaolat.es\/ca\/?s={search_term_string}"},"query-input":{"@type":"PropertyValueSpecification","valueRequired":true,"valueName":"search_term_string"}}],"inLanguage":"ca"}]}},"_links":{"self":[{"href":"https:\/\/www.grupocacaolat.es\/ca\/wp-json\/wp\/v2\/pages\/481","targetHints":{"allow":["GET"]}}],"collection":[{"href":"https:\/\/www.grupocacaolat.es\/ca\/wp-json\/wp\/v2\/pages"}],"about":[{"href":"https:\/\/www.grupocacaolat.es\/ca\/wp-json\/wp\/v2\/types\/page"}],"author":[{"embeddable":true,"href":"https:\/\/www.grupocacaolat.es\/ca\/wp-json\/wp\/v2\/users\/1"}],"replies":[{"embeddable":true,"href":"https:\/\/www.grupocacaolat.es\/ca\/wp-json\/wp\/v2\/comments?post=481"}],"version-history":[{"count":2,"href":"https:\/\/www.grupocacaolat.es\/ca\/wp-json\/wp\/v2\/pages\/481\/revisions"}],"predecessor-version":[{"id":486,"href":"https:\/\/www.grupocacaolat.es\/ca\/wp-json\/wp\/v2\/pages\/481\/revisions\/486"}],"wp:attachment":[{"href":"https:\/\/www.grupocacaolat.es\/ca\/wp-json\/wp\/v2\/media?parent=481"}],"curies":[{"name":"wp","href":"https:\/\/api.w.org\/{rel}","templated":true}]}}