{"id":476,"date":"2025-05-16T09:49:30","date_gmt":"2025-05-16T07:49:30","guid":{"rendered":"https:\/\/www.grupocacaolat.es\/?page_id=476"},"modified":"2025-05-16T10:44:18","modified_gmt":"2025-05-16T08:44:18","slug":"els-nostres-proveidors","status":"publish","type":"page","link":"https:\/\/www.grupocacaolat.es\/ca\/els-nostres-proveidors\/","title":{"rendered":"Els nostres prove\u00efdors"},"content":{"rendered":"\n<h2 class=\"has-text-align-center wp-block-heading\" style=\"text-transform:uppercase\">Els nostres prove\u00efdors: Socis de confian\u00e7a<\/h2>\n\n\n\n<p class=\"has-text-align-center\">Mantenim relacions de confian\u00e7a a llarg termini amb els prove\u00efdors. S\u00f3n els nostres socis en la cadena de valor, i no nom\u00e9s compleixen amb un alt rendiment t\u00e8cnic, sin\u00f3 que tamb\u00e9 estan alineats amb els nostres requisits.<\/p>\n\n\n\n<div class=\"wp-block-buttons btn-block is-content-justification-center is-layout-flex wp-container-core-buttons-is-layout-16018d1d wp-block-buttons-is-layout-flex\">\n<div class=\"wp-block-button has-custom-font-size is-style-outline is-style-outline--1\" id=\"principios-de-actuacion\" style=\"font-size:22px\"><a class=\"wp-block-button__link\" href=\"\/ca\/principis-dactuacio\/\" style=\"border-radius:20px\">Principis d&#8217;actuaci\u00f3<\/a><\/div>\n\n\n\n<div class=\"wp-block-button has-custom-font-size is-style-outline p-3 is-style-outline--2\" id=\"canal-de-denuncias\" style=\"font-size:22px\"><a class=\"wp-block-button__link\" href=\"\/ca\/canal-de-denuncies\/\" style=\"border-radius:20px\">Canal de den\u00fancies<\/a><\/div>\n<\/div>\n","protected":false},"excerpt":{"rendered":"<p>Els nostres prove\u00efdors: Socis de confian\u00e7a Mantenim relacions de confian\u00e7a a llarg termini amb els prove\u00efdors. S\u00f3n els nostres socis en la cadena de valor, i no nom\u00e9s compleixen amb un alt rendiment t\u00e8cnic, sin\u00f3 que tamb\u00e9 estan alineats amb els nostres requisits.<\/p>\n","protected":false},"author":1,"featured_media":0,"parent":0,"menu_order":90,"comment_status":"closed","ping_status":"closed","template":"page-proveedores.php","meta":{"_acf_changed":false,"inline_featured_image":false,"footnotes":""},"class_list":["post-476","page","type-page","status-publish","hentry"],"acf":[],"yoast_head":"<!-- This site is optimized with the Yoast SEO plugin v26.9 - https:\/\/yoast.com\/product\/yoast-seo-wordpress\/ -->\n<title>Els nostres prove\u00efdors - Grupo Cacaolat<\/title>\n<meta name=\"robots\" content=\"index, follow, max-snippet:-1, max-image-preview:large, max-video-preview:-1\" \/>\n<link rel=\"canonical\" href=\"https:\/\/www.grupocacaolat.es\/ca\/els-nostres-proveidors\/\" \/>\n<meta property=\"og:locale\" content=\"ca_ES\" \/>\n<meta property=\"og:type\" content=\"article\" \/>\n<meta property=\"og:title\" content=\"Els nostres prove\u00efdors - Grupo Cacaolat\" \/>\n<meta property=\"og:description\" content=\"Els nostres prove\u00efdors: Socis de confian\u00e7a Mantenim relacions de confian\u00e7a a llarg termini amb els prove\u00efdors. S\u00f3n els nostres socis en la cadena de valor, i no nom\u00e9s compleixen amb un alt rendiment t\u00e8cnic, sin\u00f3 que tamb\u00e9 estan alineats amb els nostres requisits.\" \/>\n<meta property=\"og:url\" content=\"https:\/\/www.grupocacaolat.es\/ca\/els-nostres-proveidors\/\" \/>\n<meta property=\"og:site_name\" content=\"Grupo Cacaolat\" \/>\n<meta property=\"article:modified_time\" content=\"2025-05-16T08:44:18+00:00\" \/>\n<meta name=\"twitter:card\" content=\"summary_large_image\" \/>\n<meta name=\"twitter:label1\" content=\"Temps estimat de lectura\" \/>\n\t<meta name=\"twitter:data1\" content=\"1 minut\" \/>\n<script type=\"application\/ld+json\" class=\"yoast-schema-graph\">{\"@context\":\"https:\/\/schema.org\",\"@graph\":[{\"@type\":\"WebPage\",\"@id\":\"https:\/\/www.grupocacaolat.es\/ca\/els-nostres-proveidors\/\",\"url\":\"https:\/\/www.grupocacaolat.es\/ca\/els-nostres-proveidors\/\",\"name\":\"Els nostres prove\u00efdors - Grupo Cacaolat\",\"isPartOf\":{\"@id\":\"https:\/\/www.grupocacaolat.es\/ca\/#website\"},\"datePublished\":\"2025-05-16T07:49:30+00:00\",\"dateModified\":\"2025-05-16T08:44:18+00:00\",\"breadcrumb\":{\"@id\":\"https:\/\/www.grupocacaolat.es\/ca\/els-nostres-proveidors\/#breadcrumb\"},\"inLanguage\":\"ca\",\"potentialAction\":[{\"@type\":\"ReadAction\",\"target\":[\"https:\/\/www.grupocacaolat.es\/ca\/els-nostres-proveidors\/\"]}]},{\"@type\":\"BreadcrumbList\",\"@id\":\"https:\/\/www.grupocacaolat.es\/ca\/els-nostres-proveidors\/#breadcrumb\",\"itemListElement\":[{\"@type\":\"ListItem\",\"position\":1,\"name\":\"Portada\",\"item\":\"https:\/\/www.grupocacaolat.es\/ca\/\"},{\"@type\":\"ListItem\",\"position\":2,\"name\":\"Els nostres prove\u00efdors\"}]},{\"@type\":\"WebSite\",\"@id\":\"https:\/\/www.grupocacaolat.es\/ca\/#website\",\"url\":\"https:\/\/www.grupocacaolat.es\/ca\/\",\"name\":\"Grupo Cacaolat\",\"description\":\"Cacaolat - Letona - La Levantina\",\"potentialAction\":[{\"@type\":\"SearchAction\",\"target\":{\"@type\":\"EntryPoint\",\"urlTemplate\":\"https:\/\/www.grupocacaolat.es\/ca\/?s={search_term_string}\"},\"query-input\":{\"@type\":\"PropertyValueSpecification\",\"valueRequired\":true,\"valueName\":\"search_term_string\"}}],\"inLanguage\":\"ca\"}]}<\/script>\n<!-- \/ Yoast SEO plugin. -->","yoast_head_json":{"title":"Els nostres prove\u00efdors - Grupo Cacaolat","robots":{"index":"index","follow":"follow","max-snippet":"max-snippet:-1","max-image-preview":"max-image-preview:large","max-video-preview":"max-video-preview:-1"},"canonical":"https:\/\/www.grupocacaolat.es\/ca\/els-nostres-proveidors\/","og_locale":"ca_ES","og_type":"article","og_title":"Els nostres prove\u00efdors - Grupo Cacaolat","og_description":"Els nostres prove\u00efdors: Socis de confian\u00e7a Mantenim relacions de confian\u00e7a a llarg termini amb els prove\u00efdors. S\u00f3n els nostres socis en la cadena de valor, i no nom\u00e9s compleixen amb un alt rendiment t\u00e8cnic, sin\u00f3 que tamb\u00e9 estan alineats amb els nostres requisits.","og_url":"https:\/\/www.grupocacaolat.es\/ca\/els-nostres-proveidors\/","og_site_name":"Grupo Cacaolat","article_modified_time":"2025-05-16T08:44:18+00:00","twitter_card":"summary_large_image","twitter_misc":{"Temps estimat de lectura":"1 minut"},"schema":{"@context":"https:\/\/schema.org","@graph":[{"@type":"WebPage","@id":"https:\/\/www.grupocacaolat.es\/ca\/els-nostres-proveidors\/","url":"https:\/\/www.grupocacaolat.es\/ca\/els-nostres-proveidors\/","name":"Els nostres prove\u00efdors - Grupo Cacaolat","isPartOf":{"@id":"https:\/\/www.grupocacaolat.es\/ca\/#website"},"datePublished":"2025-05-16T07:49:30+00:00","dateModified":"2025-05-16T08:44:18+00:00","breadcrumb":{"@id":"https:\/\/www.grupocacaolat.es\/ca\/els-nostres-proveidors\/#breadcrumb"},"inLanguage":"ca","potentialAction":[{"@type":"ReadAction","target":["https:\/\/www.grupocacaolat.es\/ca\/els-nostres-proveidors\/"]}]},{"@type":"BreadcrumbList","@id":"https:\/\/www.grupocacaolat.es\/ca\/els-nostres-proveidors\/#breadcrumb","itemListElement":[{"@type":"ListItem","position":1,"name":"Portada","item":"https:\/\/www.grupocacaolat.es\/ca\/"},{"@type":"ListItem","position":2,"name":"Els nostres prove\u00efdors"}]},{"@type":"WebSite","@id":"https:\/\/www.grupocacaolat.es\/ca\/#website","url":"https:\/\/www.grupocacaolat.es\/ca\/","name":"Grupo Cacaolat","description":"Cacaolat - Letona - La Levantina","potentialAction":[{"@type":"SearchAction","target":{"@type":"EntryPoint","urlTemplate":"https:\/\/www.grupocacaolat.es\/ca\/?s={search_term_string}"},"query-input":{"@type":"PropertyValueSpecification","valueRequired":true,"valueName":"search_term_string"}}],"inLanguage":"ca"}]}},"_links":{"self":[{"href":"https:\/\/www.grupocacaolat.es\/ca\/wp-json\/wp\/v2\/pages\/476","targetHints":{"allow":["GET"]}}],"collection":[{"href":"https:\/\/www.grupocacaolat.es\/ca\/wp-json\/wp\/v2\/pages"}],"about":[{"href":"https:\/\/www.grupocacaolat.es\/ca\/wp-json\/wp\/v2\/types\/page"}],"author":[{"embeddable":true,"href":"https:\/\/www.grupocacaolat.es\/ca\/wp-json\/wp\/v2\/users\/1"}],"replies":[{"embeddable":true,"href":"https:\/\/www.grupocacaolat.es\/ca\/wp-json\/wp\/v2\/comments?post=476"}],"version-history":[{"count":1,"href":"https:\/\/www.grupocacaolat.es\/ca\/wp-json\/wp\/v2\/pages\/476\/revisions"}],"predecessor-version":[{"id":479,"href":"https:\/\/www.grupocacaolat.es\/ca\/wp-json\/wp\/v2\/pages\/476\/revisions\/479"}],"wp:attachment":[{"href":"https:\/\/www.grupocacaolat.es\/ca\/wp-json\/wp\/v2\/media?parent=476"}],"curies":[{"name":"wp","href":"https:\/\/api.w.org\/{rel}","templated":true}]}}