{"id":429,"date":"2024-01-31T11:58:07","date_gmt":"2024-01-31T09:58:07","guid":{"rendered":"https:\/\/www.grupocacaolat.es\/canal-de-denuncias\/"},"modified":"2025-04-03T11:30:19","modified_gmt":"2025-04-03T09:30:19","slug":"canal-de-denuncies","status":"publish","type":"page","link":"https:\/\/www.grupocacaolat.es\/ca\/canal-de-denuncies\/","title":{"rendered":"Canal de den\u00fancies"},"content":{"rendered":"\n<h2 class=\"has-text-align-center wp-block-heading\">SISTEMA INTERN D\u2019INFORMACI\u00d3 &#8211; CANAL DE DEN\u00daNCIES<\/h2>\n\n\n\n<p><strong>GRUPO CACAOLAT S.L.<\/strong> (d\u2019ara endavant, Cacaolat), disposa d&#8217;un Sistema Intern d&#8217;Informaci\u00f3 -Canal de Den\u00fancies- que permet denunciar en el context laboral o professional de CACAOLAT, sota la protecci\u00f3 de la llei, qualsevol irregularitat que pugui constituir una infracci\u00f3 penal o administrativa greu o molt greu.<\/p>\n\n\n\n<p>Podr\u00e0 utilitzar aquest canal les persones seg\u00fcents:<\/p>\n\n\n\n<ul class=\"wp-block-list\"><li>Els empleats i accionistes.<\/li><li>Els aut\u00f2noms.<\/li><li>Qualsevol persona que treballi per o sota la supervisi\u00f3 i direcci\u00f3 de contractistes, subcontractistes i prove\u00efdors.<\/li><li>Aquelles que comuniquin informaci\u00f3 sobre infraccions obtinguda en el marc d\u2019una relaci\u00f3 laboral o estatut\u00e0ria ja finalitzada.<\/li><li>Voluntaris, becaris i treballadors en per\u00edodes de formaci\u00f3.<\/li><li>Aquelles persones la relaci\u00f3 laboral de les quals encara no hagi comen\u00e7at en els casos en qu\u00e8 la informaci\u00f3 sobre infraccions hagi estat obtinguda durant el proc\u00e9s de selecci\u00f3.<\/li><\/ul>\n\n\n\n<p>Per a realitzar qualsevol den\u00fancia, consulta o suggeriment (nominal o an\u00f2nima) pot utilitzar el seg\u00fcent enlla\u00e7 \u201c<a href=\"https:\/\/centinela.lefebvre.es\/public\/concept\/2302780?access=ik4lQ7vzb%2FVDX0oneP2LJL2maEy2bfQ%2BQb%2BF7EqHiME%3D\">Canal de Den\u00fancies de Cacaolat<\/a>\u201d.<\/p>\n\n\n\n<p>T\u00e9 a la seva disposici\u00f3 la <a href=\"https:\/\/grupocacaolat.es\/pdf\/politica-del-sistema-interno-de-informacion-cacaolat.pdf\">Pol\u00edtica del Sistema Intern d\u2019Informaci\u00f3<\/a> a on es regulen els drets i garanties que assisteixen als informants.<\/p>\n\n\n\n<p>Les den\u00fancies rebudes es tramitaran amb la major dilig\u00e8ncia i promptitud mitjan\u00e7ant la seva investigaci\u00f3 i impulsant les mesures per a la seva resoluci\u00f3, d&#8217;acord amb els procediments interns establerts a la Pol\u00edtica de Gesti\u00f3 del Sistema Intern d&#8217;Informaci\u00f3 i la resta de normativa interna de la companyia.<\/p>\n\n\n\n<p>Per a reclamacions comercials, sol\u00b7licitud d&#8217;informaci\u00f3, incid\u00e8ncies de facturaci\u00f3 o incid\u00e8ncies amb els productes o serveis si us plau contacteu amb el servei d&#8217;Atenci\u00f3 al Client o Consumidor.<\/p>\n","protected":false},"excerpt":{"rendered":"<p>SISTEMA INTERN D\u2019INFORMACI\u00d3 &#8211; CANAL DE DEN\u00daNCIES GRUPO CACAOLAT S.L. (d\u2019ara endavant, Cacaolat), disposa d&#8217;un Sistema Intern d&#8217;Informaci\u00f3 -Canal de Den\u00fancies- que permet denunciar en el context laboral o professional de CACAOLAT, sota la protecci\u00f3 de la llei, qualsevol irregularitat que pugui constituir una infracci\u00f3 penal o administrativa greu o molt greu. Podr\u00e0 utilitzar aquest [&hellip;]<\/p>\n","protected":false},"author":1,"featured_media":0,"parent":0,"menu_order":90,"comment_status":"closed","ping_status":"closed","template":"page-canal-del-informante.php","meta":{"_acf_changed":false,"inline_featured_image":false,"footnotes":""},"class_list":["post-429","page","type-page","status-publish","hentry"],"acf":[],"yoast_head":"<!-- This site is optimized with the Yoast SEO plugin v26.9 - https:\/\/yoast.com\/product\/yoast-seo-wordpress\/ -->\n<title>Canal de den\u00fancies - Grupo Cacaolat<\/title>\n<meta name=\"robots\" content=\"index, follow, max-snippet:-1, max-image-preview:large, max-video-preview:-1\" \/>\n<link rel=\"canonical\" href=\"https:\/\/www.grupocacaolat.es\/ca\/canal-de-denuncies\/\" \/>\n<meta property=\"og:locale\" content=\"ca_ES\" \/>\n<meta property=\"og:type\" content=\"article\" \/>\n<meta property=\"og:title\" content=\"Canal de den\u00fancies - Grupo Cacaolat\" \/>\n<meta property=\"og:description\" content=\"SISTEMA INTERN D\u2019INFORMACI\u00d3 &#8211; CANAL DE DEN\u00daNCIES GRUPO CACAOLAT S.L. (d\u2019ara endavant, Cacaolat), disposa d&#8217;un Sistema Intern d&#8217;Informaci\u00f3 -Canal de Den\u00fancies- que permet denunciar en el context laboral o professional de CACAOLAT, sota la protecci\u00f3 de la llei, qualsevol irregularitat que pugui constituir una infracci\u00f3 penal o administrativa greu o molt greu. Podr\u00e0 utilitzar aquest [&hellip;]\" \/>\n<meta property=\"og:url\" content=\"https:\/\/www.grupocacaolat.es\/ca\/canal-de-denuncies\/\" \/>\n<meta property=\"og:site_name\" content=\"Grupo Cacaolat\" \/>\n<meta property=\"article:modified_time\" content=\"2025-04-03T09:30:19+00:00\" \/>\n<meta name=\"twitter:card\" content=\"summary_large_image\" \/>\n<meta name=\"twitter:label1\" content=\"Temps estimat de lectura\" \/>\n\t<meta name=\"twitter:data1\" content=\"2 minuts\" \/>\n<script type=\"application\/ld+json\" class=\"yoast-schema-graph\">{\"@context\":\"https:\/\/schema.org\",\"@graph\":[{\"@type\":\"WebPage\",\"@id\":\"https:\/\/www.grupocacaolat.es\/ca\/canal-de-denuncies\/\",\"url\":\"https:\/\/www.grupocacaolat.es\/ca\/canal-de-denuncies\/\",\"name\":\"Canal de den\u00fancies - Grupo Cacaolat\",\"isPartOf\":{\"@id\":\"https:\/\/www.grupocacaolat.es\/ca\/#website\"},\"datePublished\":\"2024-01-31T09:58:07+00:00\",\"dateModified\":\"2025-04-03T09:30:19+00:00\",\"breadcrumb\":{\"@id\":\"https:\/\/www.grupocacaolat.es\/ca\/canal-de-denuncies\/#breadcrumb\"},\"inLanguage\":\"ca\",\"potentialAction\":[{\"@type\":\"ReadAction\",\"target\":[\"https:\/\/www.grupocacaolat.es\/ca\/canal-de-denuncies\/\"]}]},{\"@type\":\"BreadcrumbList\",\"@id\":\"https:\/\/www.grupocacaolat.es\/ca\/canal-de-denuncies\/#breadcrumb\",\"itemListElement\":[{\"@type\":\"ListItem\",\"position\":1,\"name\":\"Portada\",\"item\":\"https:\/\/www.grupocacaolat.es\/ca\/\"},{\"@type\":\"ListItem\",\"position\":2,\"name\":\"Canal de den\u00fancies\"}]},{\"@type\":\"WebSite\",\"@id\":\"https:\/\/www.grupocacaolat.es\/ca\/#website\",\"url\":\"https:\/\/www.grupocacaolat.es\/ca\/\",\"name\":\"Grupo Cacaolat\",\"description\":\"Cacaolat - Letona - La Levantina\",\"potentialAction\":[{\"@type\":\"SearchAction\",\"target\":{\"@type\":\"EntryPoint\",\"urlTemplate\":\"https:\/\/www.grupocacaolat.es\/ca\/?s={search_term_string}\"},\"query-input\":{\"@type\":\"PropertyValueSpecification\",\"valueRequired\":true,\"valueName\":\"search_term_string\"}}],\"inLanguage\":\"ca\"}]}<\/script>\n<!-- \/ Yoast SEO plugin. -->","yoast_head_json":{"title":"Canal de den\u00fancies - Grupo Cacaolat","robots":{"index":"index","follow":"follow","max-snippet":"max-snippet:-1","max-image-preview":"max-image-preview:large","max-video-preview":"max-video-preview:-1"},"canonical":"https:\/\/www.grupocacaolat.es\/ca\/canal-de-denuncies\/","og_locale":"ca_ES","og_type":"article","og_title":"Canal de den\u00fancies - Grupo Cacaolat","og_description":"SISTEMA INTERN D\u2019INFORMACI\u00d3 &#8211; CANAL DE DEN\u00daNCIES GRUPO CACAOLAT S.L. (d\u2019ara endavant, Cacaolat), disposa d&#8217;un Sistema Intern d&#8217;Informaci\u00f3 -Canal de Den\u00fancies- que permet denunciar en el context laboral o professional de CACAOLAT, sota la protecci\u00f3 de la llei, qualsevol irregularitat que pugui constituir una infracci\u00f3 penal o administrativa greu o molt greu. Podr\u00e0 utilitzar aquest [&hellip;]","og_url":"https:\/\/www.grupocacaolat.es\/ca\/canal-de-denuncies\/","og_site_name":"Grupo Cacaolat","article_modified_time":"2025-04-03T09:30:19+00:00","twitter_card":"summary_large_image","twitter_misc":{"Temps estimat de lectura":"2 minuts"},"schema":{"@context":"https:\/\/schema.org","@graph":[{"@type":"WebPage","@id":"https:\/\/www.grupocacaolat.es\/ca\/canal-de-denuncies\/","url":"https:\/\/www.grupocacaolat.es\/ca\/canal-de-denuncies\/","name":"Canal de den\u00fancies - Grupo Cacaolat","isPartOf":{"@id":"https:\/\/www.grupocacaolat.es\/ca\/#website"},"datePublished":"2024-01-31T09:58:07+00:00","dateModified":"2025-04-03T09:30:19+00:00","breadcrumb":{"@id":"https:\/\/www.grupocacaolat.es\/ca\/canal-de-denuncies\/#breadcrumb"},"inLanguage":"ca","potentialAction":[{"@type":"ReadAction","target":["https:\/\/www.grupocacaolat.es\/ca\/canal-de-denuncies\/"]}]},{"@type":"BreadcrumbList","@id":"https:\/\/www.grupocacaolat.es\/ca\/canal-de-denuncies\/#breadcrumb","itemListElement":[{"@type":"ListItem","position":1,"name":"Portada","item":"https:\/\/www.grupocacaolat.es\/ca\/"},{"@type":"ListItem","position":2,"name":"Canal de den\u00fancies"}]},{"@type":"WebSite","@id":"https:\/\/www.grupocacaolat.es\/ca\/#website","url":"https:\/\/www.grupocacaolat.es\/ca\/","name":"Grupo Cacaolat","description":"Cacaolat - Letona - La Levantina","potentialAction":[{"@type":"SearchAction","target":{"@type":"EntryPoint","urlTemplate":"https:\/\/www.grupocacaolat.es\/ca\/?s={search_term_string}"},"query-input":{"@type":"PropertyValueSpecification","valueRequired":true,"valueName":"search_term_string"}}],"inLanguage":"ca"}]}},"_links":{"self":[{"href":"https:\/\/www.grupocacaolat.es\/ca\/wp-json\/wp\/v2\/pages\/429","targetHints":{"allow":["GET"]}}],"collection":[{"href":"https:\/\/www.grupocacaolat.es\/ca\/wp-json\/wp\/v2\/pages"}],"about":[{"href":"https:\/\/www.grupocacaolat.es\/ca\/wp-json\/wp\/v2\/types\/page"}],"author":[{"embeddable":true,"href":"https:\/\/www.grupocacaolat.es\/ca\/wp-json\/wp\/v2\/users\/1"}],"replies":[{"embeddable":true,"href":"https:\/\/www.grupocacaolat.es\/ca\/wp-json\/wp\/v2\/comments?post=429"}],"version-history":[{"count":3,"href":"https:\/\/www.grupocacaolat.es\/ca\/wp-json\/wp\/v2\/pages\/429\/revisions"}],"predecessor-version":[{"id":470,"href":"https:\/\/www.grupocacaolat.es\/ca\/wp-json\/wp\/v2\/pages\/429\/revisions\/470"}],"wp:attachment":[{"href":"https:\/\/www.grupocacaolat.es\/ca\/wp-json\/wp\/v2\/media?parent=429"}],"curies":[{"name":"wp","href":"https:\/\/api.w.org\/{rel}","templated":true}]}}