{"id":294,"date":"2022-05-17T17:36:29","date_gmt":"2022-05-17T15:36:29","guid":{"rendered":"https:\/\/www.grupocacaolat.es\/redes-sociales\/"},"modified":"2022-05-26T14:14:41","modified_gmt":"2022-05-26T12:14:41","slug":"redes-sociales","status":"publish","type":"page","link":"https:\/\/www.grupocacaolat.es\/ca\/redes-sociales\/","title":{"rendered":"Pol\u00edtica de privacitat en les xarxes socials del GRUPO CACAOLAT, S.L."},"content":{"rendered":"\n<ol class=\"wp-block-list\"><li><p><strong><strong>INTRODUCCI\u00d3<\/strong><\/strong>.Aquesta pol\u00edtica de privacitat en les xarxes socials descriu l\u2019\u00fas que GRUPO CACAOLAT, S.L. faci de les dades personals dels usuaris en registrar-se a trav\u00e9s del perfil que GRUPO CACAOLAT, S.L. t\u00e9 a la xarxa social Facebook, Twitter, Instagram, etc. i navegar-hi amb el seu usuari de xarxa social, per a les finalitats que s\u2019indiquen tot seguit.En registrar-se amb la seva identitat de Facebook, Twitter, Instagram, etc. en definitiva, d\u2019una xarxa social, l\u2019usuari atorga el seu consentiment expr\u00e9s per al tractament de les seves dades personals de conformitat amb la pol\u00edtica de privacitat de GRUPO CACAOLAT, S.L.<\/p><\/li><li><p><strong>PROTECCI\u00d3 DE DADES DE CAR\u00c0CTER PERSONAL: IDENTIFICACI\u00d3 DEL RESPONSABLE DEL TRACTAMENT.<\/strong>S\u2019informa els usuaris que proporcionin les seves dades personals amb la informaci\u00f3 disponible a trav\u00e9s del seu compte i\/o perfil de l\u2019usuari a les xarxes socials titularitat de GRUPO CACAOLAT, S.L., que aquesta \u00e9s la responsable del tractament de dades personals que es dugui a terme, llevat que s\u2019informi expressament d\u2019altres condicions en un tractament concret.De conformitat amb el que estableix la legislaci\u00f3 aplicable en mat\u00e8ria de protecci\u00f3 de dades, GRUPO CACAOLAT, S.L. respecta la privacitat dels usuaris i el secret i la seguretat de les dades personals; per fer-ho adoptar\u00e0 les mesures legals, t\u00e8cniques i organitzatives necess\u00e0ries per evitar la p\u00e8rdua, el mal \u00fas, l\u2019alteraci\u00f3, l\u2019acc\u00e9s no autoritzat i el robatori de les dades personals facilitades, tenint en compte l\u2019estat de la tecnologia, la naturalesa de les dades i els riscos a qu\u00e8 estan exposades.Les dades personals dels usuaris nom\u00e9s s\u2019obtindran per tractar-les quan siguin adequades, pertinents i no excessives en relaci\u00f3 amb l\u2019\u00e0mbit i les finalitats per a les quals s\u2019hagin recollit. Aix\u00ed doncs, el seu tractament es limitar\u00e0 a aquelles finalitats que en cada cas s\u2019hagin indicat als usuaris.Quan es recullin dades personals, s\u2019informar\u00e0 pr\u00e8viament l\u2019usuari d\u2019una manera clara i inequ\u00edvoca de les circumst\u00e0ncies relatives al tractament de les seves dades, d\u2019acord amb les exig\u00e8ncies en mat\u00e8ria de protecci\u00f3 de dades vigents en cada moment. Aix\u00ed mateix, les dades personals proporcionades a GRUPO CACAOLAT, S.L. es conservaran mentre l\u2019interessat (i) no en sol\u00b7liciti la supressi\u00f3 o la rectificaci\u00f3, (ii) no s\u2019oposi que les seves dades continu\u00efn sent tractades o, (iii) en aquells tractaments que requereixin la seva autoritzaci\u00f3, no retiri el seu consentiment. Sens perjudici del que s\u2019ha exposat anteriorment, i addicionalment a aquests terminis, les dades es conservaran degudament bloquejades, a disposici\u00f3 exclusiva dels jutges i tribunals, el Ministeri Fiscal o les administracions p\u00fabliques competents, en particular, de les autoritats de protecci\u00f3 de dades, durant un termini de 3 anys per atendre possibles reclamacions que es puguin plantejar per l\u2019\u00fas que se n\u2019hagi fet.Per a m\u00e9s detalls en relaci\u00f3 amb el tractament de les seves dades personals, l\u2019usuari haur\u00e0 de visitar la pol\u00edtica de privacitat de GRUPO CACAOLAT, S.L., on trobar\u00e0 informaci\u00f3 detallada sobre la protecci\u00f3 de dades.<\/p><\/li><li><p><strong>EDAT D\u2019ACC\u00c9S.<\/strong>GRUPO CACAOLAT, S.L. quedar\u00e0 expressament exonerada de qualsevol responsabilitat que pogu\u00e9s deriver-se de l\u2019\u00fas de les xarxes socials per part de persones amb menys edad de l\u2019autoritzada per cadascuna de les xarxes socials menors.<\/p><\/li><li><p><strong>FINALITATS A QU\u00c8 ES DESTINEN LES DADES EN LES XARXES SOCIALS.<\/strong>La informaci\u00f3 i les dades personals proporcionades volunt\u00e0riament per l\u2019usuari a trav\u00e9s de les xarxes socials de CACAOLAT, S.L. es tracten amb la finalitat de:<\/p><ul><li>Gestionar el registre de l\u2019usuari, la creaci\u00f3 del seu compte i l\u2019\u00fas de les xarxes socials de GRUPO CACAOLAT, S.L.<\/li><li>Atendre totes les peticions que ens formuli a trav\u00e9s de les xarxes socials de GRUPO CACAOLAT, S.L.<\/li><li>Enviar informaci\u00f3 i publicitat de GRUPO CACAOLAT, S.L., per qualsevol mitj\u00e0, electr\u00f2nic o no.<\/li><li>Con\u00e8ixer l\u2019opini\u00f3 i la valoraci\u00f3 de l\u2019usuari i mantenir-lo al dia d\u2019activitats, not\u00edcies, ofertes especials i promocions de la marca GRUPO CACAOLAT, S.L. del seu inter\u00e8s.<\/li><li>Enviar informaci\u00f3, publicitat i promoci\u00f3 comercial de productes, serveis i activitats en l\u2019\u00e0mbit del sector de l\u2019alimentaci\u00f3 i begudes, per qualsevol mitj\u00e0, incl\u00f2s l\u2019electr\u00f2nic (correu electr\u00f2nic o mitjans equivalents, com SMS, tel\u00e8fons, m\u00f2bils). Tot aix\u00f2, sempre que hagi estat consentit de manera pr\u00e8via i expressa per l\u2019interessat.<\/li><\/ul><ul><li>An\u00e0lisi i elaboraci\u00f3 de perfils comercials a partir de la informaci\u00f3 facilitada per cercar continguts que siguin d\u2019inter\u00e8s de l\u2019usuari, utilitzant t\u00e8cniques de profiling per fer publicitat dirigida i m\u00e0rqueting directe. L\u2019elaboraci\u00f3 d\u2019aquests perfils es basar\u00e0 en la informaci\u00f3 procedent tant de fonts internes de CACAOLAT, S.L. com externes, com ara xarxes socials, fonts p\u00fabliques, altres empreses del grup o col\u00b7laboradores. Tot aix\u00f2, sempre que hagi estat consentit de manera pr\u00e8via i expressa per l\u2019interessat. <p>La informaci\u00f3 facilitada per l\u2019usuari a trav\u00e9s de les xarxes socials de CACAOLAT, S.L., incloses les dades personals, pot ser publicada, sempre en funci\u00f3 dels serveis que l\u2019usuari utilitzi, per la qual cosa podr\u00e0 quedar a disposici\u00f3 p\u00fablica d\u2019altres tercers usuaris de les xarxes socials. Des del perfil de cada xarxa social, l\u2019usuari pot configurar quina informaci\u00f3 vol fer p\u00fablica en cada cas, veure els permisos que s\u2019han concedit, eliminar-los o desactivar-los, com qualsevol aplicaci\u00f3 d\u2019un tercer que ja no es vulgui utilitzar.Si es desactiva l\u2019aplicaci\u00f3 de CACAOLAT, S.L. expressament o els permisos de tercers al perfil de l\u2019usuari d\u2019una xarxa social, deixar\u00e0 de proporcionar el seu identificador d\u2019usuari de la xarxa social.En les xarxes socials, l\u2019usuari pot compartir textos, fotos, v\u00eddeos i altres tipus d\u2019informaci\u00f3 o altres continguts, cosa que en aquest cas far\u00e0 de manera lliure, volunt\u00e0ria i conscient. Si ho fa aix\u00ed, aquests continguts estaran subjectes tant a aquesta pol\u00edtica com a les normes i les condicions d\u2019acc\u00e9s i \u00fas de la xarxa social corresponent. L\u2019usuari ser\u00e0 responsable que tots els continguts que publiqui respectin la legislaci\u00f3 vigent, aquesta pol\u00edtica i l\u2019av\u00eds legal. L\u2019usuari \u00fanicament podr\u00e0 publicar dades personals, fotografies i informacions o altres continguts la titularitat i la propietat dels quals li pertanyin o respecte dels quals tingui l\u2019autoritzaci\u00f3 de tercers.GRUPO CACAOLAT, S.L. tindr\u00e0 dret a eliminar d\u2019aquesta p\u00e0gina oficial \u2013unilateralment i sense comunicaci\u00f3 ni autoritzaci\u00f3 pr\u00e8vies de l\u2019usuari\u2013 qualssevol continguts publicats per l\u2019usuari quan aquest usuari infringeixi o vulneri la legislaci\u00f3 vigent, les normes establertes en aquesta pol\u00edtica i\/o les de les xarxes socials.<\/p><\/li><\/ul><\/li><li><p><strong>RESPONSABILITAT I QUALITAT DE LES DADES.<\/strong>GRUPO CACAOLAT, S.L. nom\u00e9s \u00e9s responsable i garanteix la confidencialitat, la seguretat i el tractament de les dades de conformitat amb aquesta pol\u00edtica i respecte de les dades de car\u00e0cter personal que reculli de l\u2019usuari registrat tamb\u00e9 per mitj\u00e0 del seu identificador de la xarxa social, i no t\u00e9 cap mena de responsabilitat respecte dels tractaments i les posteriors utilitzacions de les dades personals que es puguin dur a terme tant pel titular de la xarxa social com per tercers prestadors de serveis de la societat de la informaci\u00f3 aliens a GRUPO CACAOLAT, S.L. que puguin accedir a aquestes dades quant a la prestaci\u00f3 dels seus serveis o l\u2019exercici de la seva activitat, tercers que estableixin hiperenlla\u00e7os a la xarxa social.GRUPO CACAOLAT, S.L. adverteix que cap usuari pot utilitzar la identitat d\u2019una altra persona i\/o comunicar dades personals de terceres persones sense comptar pr\u00e8viament amb la seva deguda autoritzaci\u00f3, per la qual cosa l\u2019usuari en tot moment haur\u00e0 de tenir en compte que \u00fanicament pot proporcionar dades personals corresponents a la seva identitat i que siguin adequades, pertinents, actuals, exactes i veritables. En qualsevol cas, l\u2019usuari haur\u00e0 de respectar la privacitat de tercers, tant si s\u00f3n usuaris de la xarxa social de GRUPO CACAOLAT, S.L. com si no.<\/p><\/li><li><p><strong>EXERCICI DELS DRETS DE PROTECCI\u00d3 DE DADES DE CAR\u00c0CTER PERSONAL.<\/strong>GRUPO CACAOLAT, S.L. informa l\u2019usuari de la possibilitat d\u2019exercitar els drets seg\u00fcents:<\/p><ul><li>Dret a sol\u00b7licitar l\u2019acc\u00e9s a les seves dades personals que s\u2019estan tractant i a rebre la informaci\u00f3 per escrit pel mitj\u00e0 sol\u00b7licitat.<\/li><li>Dret a sol\u00b7licitar la rectificaci\u00f3 de les dades personals inexactes o, si \u00e9s el cas, a sol\u00b7licitar-ne la supressi\u00f3 quan, entre altres motius, les dades ja no siguin necess\u00e0ries per a la finalitat per a la qual van ser recollides.<\/li><li>Dret a sol\u00b7licitar la limitaci\u00f3 del tractament de les seves dades.<\/li><li>Dret a oposar-se al tractament de les seves dades personals quan sigui procedent.<\/li><li>Dret a la portabilitat de les seves dades personals quan el tractament estigui basat en un consentiment i s\u2019efectu\u00ef per mitjans automatitzats. En aquests sup\u00f2sits, les dades es lliuraran de manera estructurada, \u00fas com\u00fa i lectura mec\u00e0nica.<\/li><li>Dret a retirar el consentiment prestat.<\/li><li>Dret a reclamar davant l\u2019Ag\u00e8ncia Espanyola de Protecci\u00f3 de Dades. <p>L\u2019usuari podr\u00e0 exercir els dtrets anterioment indicats mitjan\u00e7ant la seg\u00fcent adre\u00e7a de correu posta: GRUPO CACAOLAT, S.L. Att. OFICINA PRIVACIDAD, Avda. Francesc Maci\u00e0 255-233, 08924 Santa Coloma de Gramenet (Barcelona), aix\u00ed com a trav\u00e9s de la seg\u00fcent adre\u00e7a de correu electr\u00f2nic: info@cacaolat.com.<\/p><\/li><\/ul><\/li><li><p><strong>ALTRA INFORMACI\u00d3 D\u2019INTER\u00c8S.<\/strong>GRUPO CACAOLAT, S.L. podr\u00e0 modificar i\/o substituir en qualsevol moment aquesta pol\u00edtica que, segons els casos, substituir\u00e0, completar\u00e0 i\/o modificar\u00e0 la publicada. En aquests casos, si l\u2019usuari estigu\u00e9s registrat, GRUPO CACAOLAT, S.L. l\u2019haur\u00e0 d\u2019informar directament d\u2019aquells possibles canvis que el puguin afectar jur\u00eddicament; a m\u00e9s a m\u00e9s pot accedir en tot moment a la pol\u00edtica a fi de mantenir-se informat i actualitzat.L\u2019usuari pot contactar amb GRUPO CACAOLAT, S.L. mitjan\u00e7ant el servei de missatgeria interna de la xarxa social o a trav\u00e9s de les dades de contacte seg\u00fcents:<\/p><\/li><\/ol>\n\n\n\n<div style=\"height:30px\" aria-hidden=\"true\" class=\"wp-block-spacer\"><\/div>\n\n\n\n<p class=\"has-text-align-center\"><strong>GRUPO CACAOLAT, S.L.<\/strong><br>Avda. Francesc Maci\u00e0 255-233<br>08924 Santa Coloma de Gramenet (Barcelona)<br><a href=\"mailto:info@cacaolat.com\" target=\"_blank\" rel=\"noopener\">info@cacaolat.com<\/a><\/p>\n","protected":false},"excerpt":{"rendered":"<p>INTRODUCCI\u00d3.Aquesta pol\u00edtica de privacitat en les xarxes socials descriu l\u2019\u00fas que GRUPO CACAOLAT, S.L. faci de les dades personals dels usuaris en registrar-se a trav\u00e9s del perfil que GRUPO CACAOLAT, S.L. t\u00e9 a la xarxa social Facebook, Twitter, Instagram, etc. i navegar-hi amb el seu usuari de xarxa social, per a les finalitats que s\u2019indiquen [&hellip;]<\/p>\n","protected":false},"author":1,"featured_media":0,"parent":0,"menu_order":94,"comment_status":"closed","ping_status":"closed","template":"page-standard.php","meta":{"_acf_changed":false,"inline_featured_image":false,"footnotes":""},"class_list":["post-294","page","type-page","status-publish","hentry"],"acf":[],"yoast_head":"<!-- This site is optimized with the Yoast SEO plugin v26.9 - https:\/\/yoast.com\/product\/yoast-seo-wordpress\/ -->\n<title>Pol\u00edtica de privacitat en les xarxes socials del GRUPO CACAOLAT, S.L. - Grupo Cacaolat<\/title>\n<meta name=\"robots\" content=\"index, follow, max-snippet:-1, max-image-preview:large, max-video-preview:-1\" \/>\n<link rel=\"canonical\" href=\"https:\/\/www.grupocacaolat.es\/ca\/redes-sociales\/\" \/>\n<meta property=\"og:locale\" content=\"ca_ES\" \/>\n<meta property=\"og:type\" content=\"article\" \/>\n<meta property=\"og:title\" content=\"Pol\u00edtica de privacitat en les xarxes socials del GRUPO CACAOLAT, S.L. - Grupo Cacaolat\" \/>\n<meta property=\"og:description\" content=\"INTRODUCCI\u00d3.Aquesta pol\u00edtica de privacitat en les xarxes socials descriu l\u2019\u00fas que GRUPO CACAOLAT, S.L. faci de les dades personals dels usuaris en registrar-se a trav\u00e9s del perfil que GRUPO CACAOLAT, S.L. t\u00e9 a la xarxa social Facebook, Twitter, Instagram, etc. i navegar-hi amb el seu usuari de xarxa social, per a les finalitats que s\u2019indiquen [&hellip;]\" \/>\n<meta property=\"og:url\" content=\"https:\/\/www.grupocacaolat.es\/ca\/redes-sociales\/\" \/>\n<meta property=\"og:site_name\" content=\"Grupo Cacaolat\" \/>\n<meta property=\"article:modified_time\" content=\"2022-05-26T12:14:41+00:00\" \/>\n<meta name=\"twitter:card\" content=\"summary_large_image\" \/>\n<meta name=\"twitter:label1\" content=\"Temps estimat de lectura\" \/>\n\t<meta name=\"twitter:data1\" content=\"7 minuts\" \/>\n<script type=\"application\/ld+json\" class=\"yoast-schema-graph\">{\"@context\":\"https:\/\/schema.org\",\"@graph\":[{\"@type\":\"WebPage\",\"@id\":\"https:\/\/www.grupocacaolat.es\/ca\/redes-sociales\/\",\"url\":\"https:\/\/www.grupocacaolat.es\/ca\/redes-sociales\/\",\"name\":\"Pol\u00edtica de privacitat en les xarxes socials del GRUPO CACAOLAT, S.L. - Grupo Cacaolat\",\"isPartOf\":{\"@id\":\"https:\/\/www.grupocacaolat.es\/ca\/#website\"},\"datePublished\":\"2022-05-17T15:36:29+00:00\",\"dateModified\":\"2022-05-26T12:14:41+00:00\",\"breadcrumb\":{\"@id\":\"https:\/\/www.grupocacaolat.es\/ca\/redes-sociales\/#breadcrumb\"},\"inLanguage\":\"ca\",\"potentialAction\":[{\"@type\":\"ReadAction\",\"target\":[\"https:\/\/www.grupocacaolat.es\/ca\/redes-sociales\/\"]}]},{\"@type\":\"BreadcrumbList\",\"@id\":\"https:\/\/www.grupocacaolat.es\/ca\/redes-sociales\/#breadcrumb\",\"itemListElement\":[{\"@type\":\"ListItem\",\"position\":1,\"name\":\"Portada\",\"item\":\"https:\/\/www.grupocacaolat.es\/ca\/\"},{\"@type\":\"ListItem\",\"position\":2,\"name\":\"Pol\u00edtica de privacitat en les xarxes socials del GRUPO CACAOLAT, S.L.\"}]},{\"@type\":\"WebSite\",\"@id\":\"https:\/\/www.grupocacaolat.es\/ca\/#website\",\"url\":\"https:\/\/www.grupocacaolat.es\/ca\/\",\"name\":\"Grupo Cacaolat\",\"description\":\"Cacaolat - Letona - La Levantina\",\"potentialAction\":[{\"@type\":\"SearchAction\",\"target\":{\"@type\":\"EntryPoint\",\"urlTemplate\":\"https:\/\/www.grupocacaolat.es\/ca\/?s={search_term_string}\"},\"query-input\":{\"@type\":\"PropertyValueSpecification\",\"valueRequired\":true,\"valueName\":\"search_term_string\"}}],\"inLanguage\":\"ca\"}]}<\/script>\n<!-- \/ Yoast SEO plugin. -->","yoast_head_json":{"title":"Pol\u00edtica de privacitat en les xarxes socials del GRUPO CACAOLAT, S.L. - Grupo Cacaolat","robots":{"index":"index","follow":"follow","max-snippet":"max-snippet:-1","max-image-preview":"max-image-preview:large","max-video-preview":"max-video-preview:-1"},"canonical":"https:\/\/www.grupocacaolat.es\/ca\/redes-sociales\/","og_locale":"ca_ES","og_type":"article","og_title":"Pol\u00edtica de privacitat en les xarxes socials del GRUPO CACAOLAT, S.L. - Grupo Cacaolat","og_description":"INTRODUCCI\u00d3.Aquesta pol\u00edtica de privacitat en les xarxes socials descriu l\u2019\u00fas que GRUPO CACAOLAT, S.L. faci de les dades personals dels usuaris en registrar-se a trav\u00e9s del perfil que GRUPO CACAOLAT, S.L. t\u00e9 a la xarxa social Facebook, Twitter, Instagram, etc. i navegar-hi amb el seu usuari de xarxa social, per a les finalitats que s\u2019indiquen [&hellip;]","og_url":"https:\/\/www.grupocacaolat.es\/ca\/redes-sociales\/","og_site_name":"Grupo Cacaolat","article_modified_time":"2022-05-26T12:14:41+00:00","twitter_card":"summary_large_image","twitter_misc":{"Temps estimat de lectura":"7 minuts"},"schema":{"@context":"https:\/\/schema.org","@graph":[{"@type":"WebPage","@id":"https:\/\/www.grupocacaolat.es\/ca\/redes-sociales\/","url":"https:\/\/www.grupocacaolat.es\/ca\/redes-sociales\/","name":"Pol\u00edtica de privacitat en les xarxes socials del GRUPO CACAOLAT, S.L. - Grupo Cacaolat","isPartOf":{"@id":"https:\/\/www.grupocacaolat.es\/ca\/#website"},"datePublished":"2022-05-17T15:36:29+00:00","dateModified":"2022-05-26T12:14:41+00:00","breadcrumb":{"@id":"https:\/\/www.grupocacaolat.es\/ca\/redes-sociales\/#breadcrumb"},"inLanguage":"ca","potentialAction":[{"@type":"ReadAction","target":["https:\/\/www.grupocacaolat.es\/ca\/redes-sociales\/"]}]},{"@type":"BreadcrumbList","@id":"https:\/\/www.grupocacaolat.es\/ca\/redes-sociales\/#breadcrumb","itemListElement":[{"@type":"ListItem","position":1,"name":"Portada","item":"https:\/\/www.grupocacaolat.es\/ca\/"},{"@type":"ListItem","position":2,"name":"Pol\u00edtica de privacitat en les xarxes socials del GRUPO CACAOLAT, S.L."}]},{"@type":"WebSite","@id":"https:\/\/www.grupocacaolat.es\/ca\/#website","url":"https:\/\/www.grupocacaolat.es\/ca\/","name":"Grupo Cacaolat","description":"Cacaolat - Letona - La Levantina","potentialAction":[{"@type":"SearchAction","target":{"@type":"EntryPoint","urlTemplate":"https:\/\/www.grupocacaolat.es\/ca\/?s={search_term_string}"},"query-input":{"@type":"PropertyValueSpecification","valueRequired":true,"valueName":"search_term_string"}}],"inLanguage":"ca"}]}},"_links":{"self":[{"href":"https:\/\/www.grupocacaolat.es\/ca\/wp-json\/wp\/v2\/pages\/294","targetHints":{"allow":["GET"]}}],"collection":[{"href":"https:\/\/www.grupocacaolat.es\/ca\/wp-json\/wp\/v2\/pages"}],"about":[{"href":"https:\/\/www.grupocacaolat.es\/ca\/wp-json\/wp\/v2\/types\/page"}],"author":[{"embeddable":true,"href":"https:\/\/www.grupocacaolat.es\/ca\/wp-json\/wp\/v2\/users\/1"}],"replies":[{"embeddable":true,"href":"https:\/\/www.grupocacaolat.es\/ca\/wp-json\/wp\/v2\/comments?post=294"}],"version-history":[{"count":3,"href":"https:\/\/www.grupocacaolat.es\/ca\/wp-json\/wp\/v2\/pages\/294\/revisions"}],"predecessor-version":[{"id":321,"href":"https:\/\/www.grupocacaolat.es\/ca\/wp-json\/wp\/v2\/pages\/294\/revisions\/321"}],"wp:attachment":[{"href":"https:\/\/www.grupocacaolat.es\/ca\/wp-json\/wp\/v2\/media?parent=294"}],"curies":[{"name":"wp","href":"https:\/\/api.w.org\/{rel}","templated":true}]}}